{"id":9013,"date":"2024-10-23T18:13:50","date_gmt":"2024-10-23T23:13:50","guid":{"rendered":"https:\/\/vt0143.itsahappyclient.com\/parfuems\/gewuerzduefte\/"},"modified":"2024-12-16T09:49:13","modified_gmt":"2024-12-16T15:49:13","slug":"gewuerzduefte","status":"publish","type":"page","link":"https:\/\/vt0143.itsahappyclient.com\/de\/parfuems\/gewuerzduefte\/","title":{"rendered":"Gew\u00fcrzd\u00fcfte"},"content":{"rendered":"<h2>Reichhaltige und einladende D\u00fcfte<\/h2>\n<p>Warme und charmante D\u00fcfte versetzen G\u00e4ste in einen anderen Raum. Diese ausgepr\u00e4gten Profile wecken Erinnerungen an das Kochen oder an Parfums, die an einige unserer Lieblingsaromen der Saison erinnern. <\/p>\n<p><img loading=\"lazy\" decoding=\"async\" class=\"size-medium wp-image-2373 alignright\" src=\"https:\/\/vectairsystems.com\/content\/uploads\/2024\/10\/Herbs-spices-flowers-shutterstock_518514832-300x225.jpg\" alt=\"Gew\u00fcrzd\u00fcfte. Kr\u00e4uter, Gew\u00fcrze und Blumen.\" width=\"300\" height=\"225\" srcset=\"https:\/\/vt0143.itsahappyclient.com\/content\/uploads\/2024\/10\/Herbs-spices-flowers-shutterstock_518514832-300x225.jpg 300w, https:\/\/vt0143.itsahappyclient.com\/content\/uploads\/2024\/10\/Herbs-spices-flowers-shutterstock_518514832-1024x768.jpg 1024w, https:\/\/vt0143.itsahappyclient.com\/content\/uploads\/2024\/10\/Herbs-spices-flowers-shutterstock_518514832-768x576.jpg 768w, https:\/\/vt0143.itsahappyclient.com\/content\/uploads\/2024\/10\/Herbs-spices-flowers-shutterstock_518514832-1536x1152.jpg 1536w, https:\/\/vt0143.itsahappyclient.com\/content\/uploads\/2024\/10\/Herbs-spices-flowers-shutterstock_518514832-2048x1536.jpg 2048w\" sizes=\"auto, (max-width: 300px) 100vw, 300px\" \/><\/p>\n<h3>Parf\u00fcms verf\u00fcgbar<\/h3>\n<ul>\n<li>Apfelgarten<\/li>\n<li>Zimt<\/li>\n<li>Begehren<\/li>\n<li>Salbei Patchouli<\/li>\n<li>Fruchtbare Passion<\/li>\n<li>Hypnotisieren Sie<\/li>\n<li>Geheimnisvoll<\/li>\n<\/ul>\n","protected":false},"excerpt":{"rendered":"<p>Reichhaltige und einladende D\u00fcfte Warme und charmante D\u00fcfte versetzen G\u00e4ste in einen anderen Raum. Diese ausgepr\u00e4gten Profile wecken Erinnerungen an das Kochen oder an Parfums, die an einige unserer Lieblingsaromen der Saison erinnern. Parf\u00fcms verf\u00fcgbar Apfelgarten Zimt Begehren Salbei Patchouli Fruchtbare Passion Hypnotisieren Sie Geheimnisvoll<\/p>\n","protected":false},"author":4,"featured_media":0,"parent":8558,"menu_order":0,"comment_status":"closed","ping_status":"closed","template":"","meta":{"_acf_changed":false,"_relevanssi_hide_post":"","_relevanssi_hide_content":"","_relevanssi_pin_for_all":"","_relevanssi_pin_keywords":"","_relevanssi_unpin_keywords":"","_relevanssi_related_keywords":"","_relevanssi_related_include_ids":"","_relevanssi_related_exclude_ids":"","_relevanssi_related_no_append":"","_relevanssi_related_not_related":"","_relevanssi_related_posts":"","_relevanssi_noindex_reason":"","inline_featured_image":false,"footnotes":""},"class_list":["post-9013","page","type-page","status-publish","hentry"],"acf":[],"yoast_head":"<!-- This site is optimized with the Yoast SEO Premium plugin v27.4 (Yoast SEO v27.4) - https:\/\/yoast.com\/product\/yoast-seo-premium-wordpress\/ -->\n<title>Gew\u00fcrzd\u00fcfte - Vectair<\/title>\n<meta name=\"robots\" content=\"index, follow, max-snippet:-1, max-image-preview:large, max-video-preview:-1\" \/>\n<link rel=\"canonical\" href=\"https:\/\/vt0143.itsahappyclient.com\/de\/parfuems\/gewuerzduefte\/\" \/>\n<meta property=\"og:locale\" content=\"de_DE\" \/>\n<meta property=\"og:type\" content=\"article\" \/>\n<meta property=\"og:title\" content=\"Gew\u00fcrzd\u00fcfte\" \/>\n<meta property=\"og:description\" content=\"Reichhaltige und einladende D\u00fcfte Warme und charmante D\u00fcfte versetzen G\u00e4ste in einen anderen Raum. Diese ausgepr\u00e4gten Profile wecken Erinnerungen an das Kochen oder an Parfums, die an einige unserer Lieblingsaromen der Saison erinnern. Parf\u00fcms verf\u00fcgbar Apfelgarten Zimt Begehren Salbei Patchouli Fruchtbare Passion Hypnotisieren Sie Geheimnisvoll\" \/>\n<meta property=\"og:url\" content=\"https:\/\/vt0143.itsahappyclient.com\/de\/parfuems\/gewuerzduefte\/\" \/>\n<meta property=\"og:site_name\" content=\"Vectair\" \/>\n<meta property=\"article:publisher\" content=\"https:\/\/www.facebook.com\/VectairSystems\" \/>\n<meta property=\"article:modified_time\" content=\"2024-12-16T15:49:13+00:00\" \/>\n<meta property=\"og:image\" content=\"https:\/\/vectairsystems.com\/content\/uploads\/2024\/10\/Herbs-spices-flowers-shutterstock_518514832-300x225.jpg\" \/>\n<meta name=\"twitter:card\" content=\"summary_large_image\" \/>\n<script type=\"application\/ld+json\" class=\"yoast-schema-graph\">{\"@context\":\"https:\\\/\\\/schema.org\",\"@graph\":[{\"@type\":\"WebPage\",\"@id\":\"https:\\\/\\\/vt0143.itsahappyclient.com\\\/de\\\/parfuems\\\/gewuerzduefte\\\/\",\"url\":\"https:\\\/\\\/vt0143.itsahappyclient.com\\\/de\\\/parfuems\\\/gewuerzduefte\\\/\",\"name\":\"Gew\u00fcrzd\u00fcfte - Vectair\",\"isPartOf\":{\"@id\":\"https:\\\/\\\/vt0143.itsahappyclient.com\\\/de\\\/#website\"},\"primaryImageOfPage\":{\"@id\":\"https:\\\/\\\/vt0143.itsahappyclient.com\\\/de\\\/parfuems\\\/gewuerzduefte\\\/#primaryimage\"},\"image\":{\"@id\":\"https:\\\/\\\/vt0143.itsahappyclient.com\\\/de\\\/parfuems\\\/gewuerzduefte\\\/#primaryimage\"},\"thumbnailUrl\":\"https:\\\/\\\/vectairsystems.com\\\/content\\\/uploads\\\/2024\\\/10\\\/Herbs-spices-flowers-shutterstock_518514832-300x225.jpg\",\"datePublished\":\"2024-10-23T23:13:50+00:00\",\"dateModified\":\"2024-12-16T15:49:13+00:00\",\"breadcrumb\":{\"@id\":\"https:\\\/\\\/vt0143.itsahappyclient.com\\\/de\\\/parfuems\\\/gewuerzduefte\\\/#breadcrumb\"},\"inLanguage\":\"de-DE\",\"potentialAction\":[{\"@type\":\"ReadAction\",\"target\":[\"https:\\\/\\\/vt0143.itsahappyclient.com\\\/de\\\/parfuems\\\/gewuerzduefte\\\/\"]}]},{\"@type\":\"ImageObject\",\"inLanguage\":\"de-DE\",\"@id\":\"https:\\\/\\\/vt0143.itsahappyclient.com\\\/de\\\/parfuems\\\/gewuerzduefte\\\/#primaryimage\",\"url\":\"https:\\\/\\\/vectairsystems.com\\\/content\\\/uploads\\\/2024\\\/10\\\/Herbs-spices-flowers-shutterstock_518514832-300x225.jpg\",\"contentUrl\":\"https:\\\/\\\/vectairsystems.com\\\/content\\\/uploads\\\/2024\\\/10\\\/Herbs-spices-flowers-shutterstock_518514832-300x225.jpg\"},{\"@type\":\"BreadcrumbList\",\"@id\":\"https:\\\/\\\/vt0143.itsahappyclient.com\\\/de\\\/parfuems\\\/gewuerzduefte\\\/#breadcrumb\",\"itemListElement\":[{\"@type\":\"ListItem\",\"position\":1,\"name\":\"Home\",\"item\":\"https:\\\/\\\/vt0143.itsahappyclient.com\\\/de\\\/\"},{\"@type\":\"ListItem\",\"position\":2,\"name\":\"Parf\u00fcms\",\"item\":\"https:\\\/\\\/vt0143.itsahappyclient.com\\\/de\\\/parfuems\\\/\"},{\"@type\":\"ListItem\",\"position\":3,\"name\":\"Gew\u00fcrzd\u00fcfte\"}]},{\"@type\":\"WebSite\",\"@id\":\"https:\\\/\\\/vt0143.itsahappyclient.com\\\/de\\\/#website\",\"url\":\"https:\\\/\\\/vt0143.itsahappyclient.com\\\/de\\\/\",\"name\":\"Vectair\",\"description\":\"Global Innovators in Aircare &amp; Hygiene Systems\",\"publisher\":{\"@id\":\"https:\\\/\\\/vt0143.itsahappyclient.com\\\/de\\\/#organization\"},\"potentialAction\":[{\"@type\":\"SearchAction\",\"target\":{\"@type\":\"EntryPoint\",\"urlTemplate\":\"https:\\\/\\\/vt0143.itsahappyclient.com\\\/de\\\/?s={search_term_string}\"},\"query-input\":{\"@type\":\"PropertyValueSpecification\",\"valueRequired\":true,\"valueName\":\"search_term_string\"}}],\"inLanguage\":\"de-DE\"},{\"@type\":\"Organization\",\"@id\":\"https:\\\/\\\/vt0143.itsahappyclient.com\\\/de\\\/#organization\",\"name\":\"Vectair\",\"url\":\"https:\\\/\\\/vt0143.itsahappyclient.com\\\/de\\\/\",\"logo\":{\"@type\":\"ImageObject\",\"inLanguage\":\"de-DE\",\"@id\":\"https:\\\/\\\/vt0143.itsahappyclient.com\\\/de\\\/#\\\/schema\\\/logo\\\/image\\\/\",\"url\":\"http:\\\/\\\/vt0143.itsahappyclient.com\\\/content\\\/uploads\\\/2025\\\/03\\\/Vectair-Logo-Black-with-White-Background.png\",\"contentUrl\":\"http:\\\/\\\/vt0143.itsahappyclient.com\\\/content\\\/uploads\\\/2025\\\/03\\\/Vectair-Logo-Black-with-White-Background.png\",\"width\":696,\"height\":696,\"caption\":\"Vectair\"},\"image\":{\"@id\":\"https:\\\/\\\/vt0143.itsahappyclient.com\\\/de\\\/#\\\/schema\\\/logo\\\/image\\\/\"},\"sameAs\":[\"https:\\\/\\\/www.facebook.com\\\/VectairSystems\",\"https:\\\/\\\/www.linkedin.com\\\/company\\\/vectair-systems\\\/\",\"https:\\\/\\\/www.youtube.com\\\/@Vectair\"],\"description\":\"Vectair specializes in innovative aircare and hygiene solutions for commercial and away-from-home spaces, serving businesses in over 90 countries. Their patented technologies, advanced fragrance delivery systems, and bespoke products ensure cleaner, more inviting environments. With a focus on customizable solutions and enhancing hygiene standards, Vectair is committed to elevating customer experiences through excellence and innovation.\",\"email\":\"info@vectairsystems.com\",\"telephone\":\"+1 901-373-7818\",\"foundingDate\":\"1988-04-19\",\"numberOfEmployees\":{\"@type\":\"QuantitativeValue\",\"minValue\":\"51\",\"maxValue\":\"200\"}}]}<\/script>\n<!-- \/ Yoast SEO Premium plugin. -->","yoast_head_json":{"title":"Gew\u00fcrzd\u00fcfte - Vectair","robots":{"index":"index","follow":"follow","max-snippet":"max-snippet:-1","max-image-preview":"max-image-preview:large","max-video-preview":"max-video-preview:-1"},"canonical":"https:\/\/vt0143.itsahappyclient.com\/de\/parfuems\/gewuerzduefte\/","og_locale":"de_DE","og_type":"article","og_title":"Gew\u00fcrzd\u00fcfte","og_description":"Reichhaltige und einladende D\u00fcfte Warme und charmante D\u00fcfte versetzen G\u00e4ste in einen anderen Raum. Diese ausgepr\u00e4gten Profile wecken Erinnerungen an das Kochen oder an Parfums, die an einige unserer Lieblingsaromen der Saison erinnern. Parf\u00fcms verf\u00fcgbar Apfelgarten Zimt Begehren Salbei Patchouli Fruchtbare Passion Hypnotisieren Sie Geheimnisvoll","og_url":"https:\/\/vt0143.itsahappyclient.com\/de\/parfuems\/gewuerzduefte\/","og_site_name":"Vectair","article_publisher":"https:\/\/www.facebook.com\/VectairSystems","article_modified_time":"2024-12-16T15:49:13+00:00","og_image":[{"url":"https:\/\/vectairsystems.com\/content\/uploads\/2024\/10\/Herbs-spices-flowers-shutterstock_518514832-300x225.jpg","type":"","width":"","height":""}],"twitter_card":"summary_large_image","schema":{"@context":"https:\/\/schema.org","@graph":[{"@type":"WebPage","@id":"https:\/\/vt0143.itsahappyclient.com\/de\/parfuems\/gewuerzduefte\/","url":"https:\/\/vt0143.itsahappyclient.com\/de\/parfuems\/gewuerzduefte\/","name":"Gew\u00fcrzd\u00fcfte - Vectair","isPartOf":{"@id":"https:\/\/vt0143.itsahappyclient.com\/de\/#website"},"primaryImageOfPage":{"@id":"https:\/\/vt0143.itsahappyclient.com\/de\/parfuems\/gewuerzduefte\/#primaryimage"},"image":{"@id":"https:\/\/vt0143.itsahappyclient.com\/de\/parfuems\/gewuerzduefte\/#primaryimage"},"thumbnailUrl":"https:\/\/vectairsystems.com\/content\/uploads\/2024\/10\/Herbs-spices-flowers-shutterstock_518514832-300x225.jpg","datePublished":"2024-10-23T23:13:50+00:00","dateModified":"2024-12-16T15:49:13+00:00","breadcrumb":{"@id":"https:\/\/vt0143.itsahappyclient.com\/de\/parfuems\/gewuerzduefte\/#breadcrumb"},"inLanguage":"de-DE","potentialAction":[{"@type":"ReadAction","target":["https:\/\/vt0143.itsahappyclient.com\/de\/parfuems\/gewuerzduefte\/"]}]},{"@type":"ImageObject","inLanguage":"de-DE","@id":"https:\/\/vt0143.itsahappyclient.com\/de\/parfuems\/gewuerzduefte\/#primaryimage","url":"https:\/\/vectairsystems.com\/content\/uploads\/2024\/10\/Herbs-spices-flowers-shutterstock_518514832-300x225.jpg","contentUrl":"https:\/\/vectairsystems.com\/content\/uploads\/2024\/10\/Herbs-spices-flowers-shutterstock_518514832-300x225.jpg"},{"@type":"BreadcrumbList","@id":"https:\/\/vt0143.itsahappyclient.com\/de\/parfuems\/gewuerzduefte\/#breadcrumb","itemListElement":[{"@type":"ListItem","position":1,"name":"Home","item":"https:\/\/vt0143.itsahappyclient.com\/de\/"},{"@type":"ListItem","position":2,"name":"Parf\u00fcms","item":"https:\/\/vt0143.itsahappyclient.com\/de\/parfuems\/"},{"@type":"ListItem","position":3,"name":"Gew\u00fcrzd\u00fcfte"}]},{"@type":"WebSite","@id":"https:\/\/vt0143.itsahappyclient.com\/de\/#website","url":"https:\/\/vt0143.itsahappyclient.com\/de\/","name":"Vectair","description":"Global Innovators in Aircare &amp; Hygiene Systems","publisher":{"@id":"https:\/\/vt0143.itsahappyclient.com\/de\/#organization"},"potentialAction":[{"@type":"SearchAction","target":{"@type":"EntryPoint","urlTemplate":"https:\/\/vt0143.itsahappyclient.com\/de\/?s={search_term_string}"},"query-input":{"@type":"PropertyValueSpecification","valueRequired":true,"valueName":"search_term_string"}}],"inLanguage":"de-DE"},{"@type":"Organization","@id":"https:\/\/vt0143.itsahappyclient.com\/de\/#organization","name":"Vectair","url":"https:\/\/vt0143.itsahappyclient.com\/de\/","logo":{"@type":"ImageObject","inLanguage":"de-DE","@id":"https:\/\/vt0143.itsahappyclient.com\/de\/#\/schema\/logo\/image\/","url":"http:\/\/vt0143.itsahappyclient.com\/content\/uploads\/2025\/03\/Vectair-Logo-Black-with-White-Background.png","contentUrl":"http:\/\/vt0143.itsahappyclient.com\/content\/uploads\/2025\/03\/Vectair-Logo-Black-with-White-Background.png","width":696,"height":696,"caption":"Vectair"},"image":{"@id":"https:\/\/vt0143.itsahappyclient.com\/de\/#\/schema\/logo\/image\/"},"sameAs":["https:\/\/www.facebook.com\/VectairSystems","https:\/\/www.linkedin.com\/company\/vectair-systems\/","https:\/\/www.youtube.com\/@Vectair"],"description":"Vectair specializes in innovative aircare and hygiene solutions for commercial and away-from-home spaces, serving businesses in over 90 countries. Their patented technologies, advanced fragrance delivery systems, and bespoke products ensure cleaner, more inviting environments. With a focus on customizable solutions and enhancing hygiene standards, Vectair is committed to elevating customer experiences through excellence and innovation.","email":"info@vectairsystems.com","telephone":"+1 901-373-7818","foundingDate":"1988-04-19","numberOfEmployees":{"@type":"QuantitativeValue","minValue":"51","maxValue":"200"}}]}},"_links":{"self":[{"href":"https:\/\/vt0143.itsahappyclient.com\/de\/wp-json\/wp\/v2\/pages\/9013","targetHints":{"allow":["GET"]}}],"collection":[{"href":"https:\/\/vt0143.itsahappyclient.com\/de\/wp-json\/wp\/v2\/pages"}],"about":[{"href":"https:\/\/vt0143.itsahappyclient.com\/de\/wp-json\/wp\/v2\/types\/page"}],"author":[{"embeddable":true,"href":"https:\/\/vt0143.itsahappyclient.com\/de\/wp-json\/wp\/v2\/users\/4"}],"replies":[{"embeddable":true,"href":"https:\/\/vt0143.itsahappyclient.com\/de\/wp-json\/wp\/v2\/comments?post=9013"}],"version-history":[{"count":1,"href":"https:\/\/vt0143.itsahappyclient.com\/de\/wp-json\/wp\/v2\/pages\/9013\/revisions"}],"predecessor-version":[{"id":16124,"href":"https:\/\/vt0143.itsahappyclient.com\/de\/wp-json\/wp\/v2\/pages\/9013\/revisions\/16124"}],"up":[{"embeddable":true,"href":"https:\/\/vt0143.itsahappyclient.com\/de\/wp-json\/wp\/v2\/pages\/8558"}],"wp:attachment":[{"href":"https:\/\/vt0143.itsahappyclient.com\/de\/wp-json\/wp\/v2\/media?parent=9013"}],"curies":[{"name":"wp","href":"https:\/\/api.w.org\/{rel}","templated":true}]}}