{"id":9016,"date":"2024-10-23T18:13:50","date_gmt":"2024-10-23T23:13:50","guid":{"rendered":"https:\/\/vt0143.itsahappyclient.com\/parfums\/parfums-depices\/"},"modified":"2024-12-16T09:49:14","modified_gmt":"2024-12-16T15:49:14","slug":"parfums-depices","status":"publish","type":"page","link":"https:\/\/vt0143.itsahappyclient.com\/fr\/parfums\/parfums-depices\/","title":{"rendered":"Parfums d&#8217;\u00e9pices"},"content":{"rendered":"<h2>Des senteurs riches et invitantes<\/h2>\n<p>Les parfums chauds et charmants transforment les invit\u00e9s en un autre espace. Ces profils distincts \u00e9voquent des souvenirs de cuisine ou de parfums, rappelant certaines de nos saveurs saisonni\u00e8res pr\u00e9f\u00e9r\u00e9es. <\/p>\n<p><img loading=\"lazy\" decoding=\"async\" class=\"size-medium wp-image-2373 alignright\" src=\"https:\/\/vectairsystems.com\/content\/uploads\/2024\/10\/Herbs-spices-flowers-shutterstock_518514832-300x225.jpg\" alt=\"Parfums d'\u00e9pices. Herbes, \u00e9pices et fleurs.\" width=\"300\" height=\"225\" srcset=\"https:\/\/vt0143.itsahappyclient.com\/content\/uploads\/2024\/10\/Herbs-spices-flowers-shutterstock_518514832-300x225.jpg 300w, https:\/\/vt0143.itsahappyclient.com\/content\/uploads\/2024\/10\/Herbs-spices-flowers-shutterstock_518514832-1024x768.jpg 1024w, https:\/\/vt0143.itsahappyclient.com\/content\/uploads\/2024\/10\/Herbs-spices-flowers-shutterstock_518514832-768x576.jpg 768w, https:\/\/vt0143.itsahappyclient.com\/content\/uploads\/2024\/10\/Herbs-spices-flowers-shutterstock_518514832-1536x1152.jpg 1536w, https:\/\/vt0143.itsahappyclient.com\/content\/uploads\/2024\/10\/Herbs-spices-flowers-shutterstock_518514832-2048x1536.jpg 2048w\" sizes=\"auto, (max-width: 300px) 100vw, 300px\" \/><\/p>\n<h3>Parfums disponibles<\/h3>\n<ul>\n<li>Verger de pommes<\/li>\n<li>Cannelle<\/li>\n<li>D\u00e9sir<\/li>\n<li>Sauge Patchouli<\/li>\n<li>Passion fructueuse<\/li>\n<li>Hypnotiser<\/li>\n<li>Mystique<\/li>\n<\/ul>\n","protected":false},"excerpt":{"rendered":"<p>Des senteurs riches et invitantes Les parfums chauds et charmants transforment les invit\u00e9s en un autre espace. Ces profils distincts \u00e9voquent des souvenirs de cuisine ou de parfums, rappelant certaines de nos saveurs saisonni\u00e8res pr\u00e9f\u00e9r\u00e9es. Parfums disponibles Verger de pommes Cannelle D\u00e9sir Sauge Patchouli Passion fructueuse Hypnotiser Mystique<\/p>\n","protected":false},"author":4,"featured_media":0,"parent":8559,"menu_order":0,"comment_status":"closed","ping_status":"closed","template":"","meta":{"_acf_changed":false,"_relevanssi_hide_post":"","_relevanssi_hide_content":"","_relevanssi_pin_for_all":"","_relevanssi_pin_keywords":"","_relevanssi_unpin_keywords":"","_relevanssi_related_keywords":"","_relevanssi_related_include_ids":"","_relevanssi_related_exclude_ids":"","_relevanssi_related_no_append":"","_relevanssi_related_not_related":"","_relevanssi_related_posts":"","_relevanssi_noindex_reason":"","inline_featured_image":false,"footnotes":""},"class_list":["post-9016","page","type-page","status-publish","hentry"],"acf":[],"yoast_head":"<!-- This site is optimized with the Yoast SEO Premium plugin v27.4 (Yoast SEO v27.4) - https:\/\/yoast.com\/product\/yoast-seo-premium-wordpress\/ -->\n<title>Parfums d&#039;\u00e9pices - Vectair<\/title>\n<meta name=\"robots\" content=\"index, follow, max-snippet:-1, max-image-preview:large, max-video-preview:-1\" \/>\n<link rel=\"canonical\" href=\"https:\/\/vt0143.itsahappyclient.com\/fr\/parfums\/parfums-depices\/\" \/>\n<meta property=\"og:locale\" content=\"fr_FR\" \/>\n<meta property=\"og:type\" content=\"article\" \/>\n<meta property=\"og:title\" content=\"Parfums d&#039;\u00e9pices\" \/>\n<meta property=\"og:description\" content=\"Des senteurs riches et invitantes Les parfums chauds et charmants transforment les invit\u00e9s en un autre espace. Ces profils distincts \u00e9voquent des souvenirs de cuisine ou de parfums, rappelant certaines de nos saveurs saisonni\u00e8res pr\u00e9f\u00e9r\u00e9es. Parfums disponibles Verger de pommes Cannelle D\u00e9sir Sauge Patchouli Passion fructueuse Hypnotiser Mystique\" \/>\n<meta property=\"og:url\" content=\"https:\/\/vt0143.itsahappyclient.com\/fr\/parfums\/parfums-depices\/\" \/>\n<meta property=\"og:site_name\" content=\"Vectair\" \/>\n<meta property=\"article:publisher\" content=\"https:\/\/www.facebook.com\/VectairSystems\" \/>\n<meta property=\"article:modified_time\" content=\"2024-12-16T15:49:14+00:00\" \/>\n<meta property=\"og:image\" content=\"https:\/\/vectairsystems.com\/content\/uploads\/2024\/10\/Herbs-spices-flowers-shutterstock_518514832-300x225.jpg\" \/>\n<meta name=\"twitter:card\" content=\"summary_large_image\" \/>\n<script type=\"application\/ld+json\" class=\"yoast-schema-graph\">{\"@context\":\"https:\\\/\\\/schema.org\",\"@graph\":[{\"@type\":\"WebPage\",\"@id\":\"https:\\\/\\\/vt0143.itsahappyclient.com\\\/fr\\\/parfums\\\/parfums-depices\\\/\",\"url\":\"https:\\\/\\\/vt0143.itsahappyclient.com\\\/fr\\\/parfums\\\/parfums-depices\\\/\",\"name\":\"Parfums d'\u00e9pices - Vectair\",\"isPartOf\":{\"@id\":\"https:\\\/\\\/vt0143.itsahappyclient.com\\\/fr\\\/#website\"},\"primaryImageOfPage\":{\"@id\":\"https:\\\/\\\/vt0143.itsahappyclient.com\\\/fr\\\/parfums\\\/parfums-depices\\\/#primaryimage\"},\"image\":{\"@id\":\"https:\\\/\\\/vt0143.itsahappyclient.com\\\/fr\\\/parfums\\\/parfums-depices\\\/#primaryimage\"},\"thumbnailUrl\":\"https:\\\/\\\/vectairsystems.com\\\/content\\\/uploads\\\/2024\\\/10\\\/Herbs-spices-flowers-shutterstock_518514832-300x225.jpg\",\"datePublished\":\"2024-10-23T23:13:50+00:00\",\"dateModified\":\"2024-12-16T15:49:14+00:00\",\"breadcrumb\":{\"@id\":\"https:\\\/\\\/vt0143.itsahappyclient.com\\\/fr\\\/parfums\\\/parfums-depices\\\/#breadcrumb\"},\"inLanguage\":\"fr-FR\",\"potentialAction\":[{\"@type\":\"ReadAction\",\"target\":[\"https:\\\/\\\/vt0143.itsahappyclient.com\\\/fr\\\/parfums\\\/parfums-depices\\\/\"]}]},{\"@type\":\"ImageObject\",\"inLanguage\":\"fr-FR\",\"@id\":\"https:\\\/\\\/vt0143.itsahappyclient.com\\\/fr\\\/parfums\\\/parfums-depices\\\/#primaryimage\",\"url\":\"https:\\\/\\\/vectairsystems.com\\\/content\\\/uploads\\\/2024\\\/10\\\/Herbs-spices-flowers-shutterstock_518514832-300x225.jpg\",\"contentUrl\":\"https:\\\/\\\/vectairsystems.com\\\/content\\\/uploads\\\/2024\\\/10\\\/Herbs-spices-flowers-shutterstock_518514832-300x225.jpg\"},{\"@type\":\"BreadcrumbList\",\"@id\":\"https:\\\/\\\/vt0143.itsahappyclient.com\\\/fr\\\/parfums\\\/parfums-depices\\\/#breadcrumb\",\"itemListElement\":[{\"@type\":\"ListItem\",\"position\":1,\"name\":\"Home\",\"item\":\"https:\\\/\\\/vt0143.itsahappyclient.com\\\/fr\\\/\"},{\"@type\":\"ListItem\",\"position\":2,\"name\":\"Parfums\",\"item\":\"https:\\\/\\\/vt0143.itsahappyclient.com\\\/fr\\\/parfums\\\/\"},{\"@type\":\"ListItem\",\"position\":3,\"name\":\"Parfums d&#8217;\u00e9pices\"}]},{\"@type\":\"WebSite\",\"@id\":\"https:\\\/\\\/vt0143.itsahappyclient.com\\\/fr\\\/#website\",\"url\":\"https:\\\/\\\/vt0143.itsahappyclient.com\\\/fr\\\/\",\"name\":\"Vectair\",\"description\":\"Global Innovators in Aircare &amp; Hygiene Systems\",\"publisher\":{\"@id\":\"https:\\\/\\\/vt0143.itsahappyclient.com\\\/fr\\\/#organization\"},\"potentialAction\":[{\"@type\":\"SearchAction\",\"target\":{\"@type\":\"EntryPoint\",\"urlTemplate\":\"https:\\\/\\\/vt0143.itsahappyclient.com\\\/fr\\\/?s={search_term_string}\"},\"query-input\":{\"@type\":\"PropertyValueSpecification\",\"valueRequired\":true,\"valueName\":\"search_term_string\"}}],\"inLanguage\":\"fr-FR\"},{\"@type\":\"Organization\",\"@id\":\"https:\\\/\\\/vt0143.itsahappyclient.com\\\/fr\\\/#organization\",\"name\":\"Vectair\",\"url\":\"https:\\\/\\\/vt0143.itsahappyclient.com\\\/fr\\\/\",\"logo\":{\"@type\":\"ImageObject\",\"inLanguage\":\"fr-FR\",\"@id\":\"https:\\\/\\\/vt0143.itsahappyclient.com\\\/fr\\\/#\\\/schema\\\/logo\\\/image\\\/\",\"url\":\"http:\\\/\\\/vt0143.itsahappyclient.com\\\/content\\\/uploads\\\/2025\\\/03\\\/Vectair-Logo-Black-with-White-Background.png\",\"contentUrl\":\"http:\\\/\\\/vt0143.itsahappyclient.com\\\/content\\\/uploads\\\/2025\\\/03\\\/Vectair-Logo-Black-with-White-Background.png\",\"width\":696,\"height\":696,\"caption\":\"Vectair\"},\"image\":{\"@id\":\"https:\\\/\\\/vt0143.itsahappyclient.com\\\/fr\\\/#\\\/schema\\\/logo\\\/image\\\/\"},\"sameAs\":[\"https:\\\/\\\/www.facebook.com\\\/VectairSystems\",\"https:\\\/\\\/www.linkedin.com\\\/company\\\/vectair-systems\\\/\",\"https:\\\/\\\/www.youtube.com\\\/@Vectair\"],\"description\":\"Vectair specializes in innovative aircare and hygiene solutions for commercial and away-from-home spaces, serving businesses in over 90 countries. Their patented technologies, advanced fragrance delivery systems, and bespoke products ensure cleaner, more inviting environments. With a focus on customizable solutions and enhancing hygiene standards, Vectair is committed to elevating customer experiences through excellence and innovation.\",\"email\":\"info@vectairsystems.com\",\"telephone\":\"+1 901-373-7818\",\"foundingDate\":\"1988-04-19\",\"numberOfEmployees\":{\"@type\":\"QuantitativeValue\",\"minValue\":\"51\",\"maxValue\":\"200\"}}]}<\/script>\n<!-- \/ Yoast SEO Premium plugin. -->","yoast_head_json":{"title":"Parfums d'\u00e9pices - Vectair","robots":{"index":"index","follow":"follow","max-snippet":"max-snippet:-1","max-image-preview":"max-image-preview:large","max-video-preview":"max-video-preview:-1"},"canonical":"https:\/\/vt0143.itsahappyclient.com\/fr\/parfums\/parfums-depices\/","og_locale":"fr_FR","og_type":"article","og_title":"Parfums d'\u00e9pices","og_description":"Des senteurs riches et invitantes Les parfums chauds et charmants transforment les invit\u00e9s en un autre espace. Ces profils distincts \u00e9voquent des souvenirs de cuisine ou de parfums, rappelant certaines de nos saveurs saisonni\u00e8res pr\u00e9f\u00e9r\u00e9es. Parfums disponibles Verger de pommes Cannelle D\u00e9sir Sauge Patchouli Passion fructueuse Hypnotiser Mystique","og_url":"https:\/\/vt0143.itsahappyclient.com\/fr\/parfums\/parfums-depices\/","og_site_name":"Vectair","article_publisher":"https:\/\/www.facebook.com\/VectairSystems","article_modified_time":"2024-12-16T15:49:14+00:00","og_image":[{"url":"https:\/\/vectairsystems.com\/content\/uploads\/2024\/10\/Herbs-spices-flowers-shutterstock_518514832-300x225.jpg","type":"","width":"","height":""}],"twitter_card":"summary_large_image","schema":{"@context":"https:\/\/schema.org","@graph":[{"@type":"WebPage","@id":"https:\/\/vt0143.itsahappyclient.com\/fr\/parfums\/parfums-depices\/","url":"https:\/\/vt0143.itsahappyclient.com\/fr\/parfums\/parfums-depices\/","name":"Parfums d'\u00e9pices - Vectair","isPartOf":{"@id":"https:\/\/vt0143.itsahappyclient.com\/fr\/#website"},"primaryImageOfPage":{"@id":"https:\/\/vt0143.itsahappyclient.com\/fr\/parfums\/parfums-depices\/#primaryimage"},"image":{"@id":"https:\/\/vt0143.itsahappyclient.com\/fr\/parfums\/parfums-depices\/#primaryimage"},"thumbnailUrl":"https:\/\/vectairsystems.com\/content\/uploads\/2024\/10\/Herbs-spices-flowers-shutterstock_518514832-300x225.jpg","datePublished":"2024-10-23T23:13:50+00:00","dateModified":"2024-12-16T15:49:14+00:00","breadcrumb":{"@id":"https:\/\/vt0143.itsahappyclient.com\/fr\/parfums\/parfums-depices\/#breadcrumb"},"inLanguage":"fr-FR","potentialAction":[{"@type":"ReadAction","target":["https:\/\/vt0143.itsahappyclient.com\/fr\/parfums\/parfums-depices\/"]}]},{"@type":"ImageObject","inLanguage":"fr-FR","@id":"https:\/\/vt0143.itsahappyclient.com\/fr\/parfums\/parfums-depices\/#primaryimage","url":"https:\/\/vectairsystems.com\/content\/uploads\/2024\/10\/Herbs-spices-flowers-shutterstock_518514832-300x225.jpg","contentUrl":"https:\/\/vectairsystems.com\/content\/uploads\/2024\/10\/Herbs-spices-flowers-shutterstock_518514832-300x225.jpg"},{"@type":"BreadcrumbList","@id":"https:\/\/vt0143.itsahappyclient.com\/fr\/parfums\/parfums-depices\/#breadcrumb","itemListElement":[{"@type":"ListItem","position":1,"name":"Home","item":"https:\/\/vt0143.itsahappyclient.com\/fr\/"},{"@type":"ListItem","position":2,"name":"Parfums","item":"https:\/\/vt0143.itsahappyclient.com\/fr\/parfums\/"},{"@type":"ListItem","position":3,"name":"Parfums d&#8217;\u00e9pices"}]},{"@type":"WebSite","@id":"https:\/\/vt0143.itsahappyclient.com\/fr\/#website","url":"https:\/\/vt0143.itsahappyclient.com\/fr\/","name":"Vectair","description":"Global Innovators in Aircare &amp; Hygiene Systems","publisher":{"@id":"https:\/\/vt0143.itsahappyclient.com\/fr\/#organization"},"potentialAction":[{"@type":"SearchAction","target":{"@type":"EntryPoint","urlTemplate":"https:\/\/vt0143.itsahappyclient.com\/fr\/?s={search_term_string}"},"query-input":{"@type":"PropertyValueSpecification","valueRequired":true,"valueName":"search_term_string"}}],"inLanguage":"fr-FR"},{"@type":"Organization","@id":"https:\/\/vt0143.itsahappyclient.com\/fr\/#organization","name":"Vectair","url":"https:\/\/vt0143.itsahappyclient.com\/fr\/","logo":{"@type":"ImageObject","inLanguage":"fr-FR","@id":"https:\/\/vt0143.itsahappyclient.com\/fr\/#\/schema\/logo\/image\/","url":"http:\/\/vt0143.itsahappyclient.com\/content\/uploads\/2025\/03\/Vectair-Logo-Black-with-White-Background.png","contentUrl":"http:\/\/vt0143.itsahappyclient.com\/content\/uploads\/2025\/03\/Vectair-Logo-Black-with-White-Background.png","width":696,"height":696,"caption":"Vectair"},"image":{"@id":"https:\/\/vt0143.itsahappyclient.com\/fr\/#\/schema\/logo\/image\/"},"sameAs":["https:\/\/www.facebook.com\/VectairSystems","https:\/\/www.linkedin.com\/company\/vectair-systems\/","https:\/\/www.youtube.com\/@Vectair"],"description":"Vectair specializes in innovative aircare and hygiene solutions for commercial and away-from-home spaces, serving businesses in over 90 countries. Their patented technologies, advanced fragrance delivery systems, and bespoke products ensure cleaner, more inviting environments. With a focus on customizable solutions and enhancing hygiene standards, Vectair is committed to elevating customer experiences through excellence and innovation.","email":"info@vectairsystems.com","telephone":"+1 901-373-7818","foundingDate":"1988-04-19","numberOfEmployees":{"@type":"QuantitativeValue","minValue":"51","maxValue":"200"}}]}},"_links":{"self":[{"href":"https:\/\/vt0143.itsahappyclient.com\/fr\/wp-json\/wp\/v2\/pages\/9016","targetHints":{"allow":["GET"]}}],"collection":[{"href":"https:\/\/vt0143.itsahappyclient.com\/fr\/wp-json\/wp\/v2\/pages"}],"about":[{"href":"https:\/\/vt0143.itsahappyclient.com\/fr\/wp-json\/wp\/v2\/types\/page"}],"author":[{"embeddable":true,"href":"https:\/\/vt0143.itsahappyclient.com\/fr\/wp-json\/wp\/v2\/users\/4"}],"replies":[{"embeddable":true,"href":"https:\/\/vt0143.itsahappyclient.com\/fr\/wp-json\/wp\/v2\/comments?post=9016"}],"version-history":[{"count":1,"href":"https:\/\/vt0143.itsahappyclient.com\/fr\/wp-json\/wp\/v2\/pages\/9016\/revisions"}],"predecessor-version":[{"id":16126,"href":"https:\/\/vt0143.itsahappyclient.com\/fr\/wp-json\/wp\/v2\/pages\/9016\/revisions\/16126"}],"up":[{"embeddable":true,"href":"https:\/\/vt0143.itsahappyclient.com\/fr\/wp-json\/wp\/v2\/pages\/8559"}],"wp:attachment":[{"href":"https:\/\/vt0143.itsahappyclient.com\/fr\/wp-json\/wp\/v2\/media?parent=9016"}],"curies":[{"name":"wp","href":"https:\/\/api.w.org\/{rel}","templated":true}]}}