{"id":9024,"date":"2024-10-23T19:28:58","date_gmt":"2024-10-24T00:28:58","guid":{"rendered":"https:\/\/vt0143.itsahappyclient.com\/parfums\/parfums-fruites\/"},"modified":"2024-12-16T09:49:16","modified_gmt":"2024-12-16T15:49:16","slug":"parfums-fruites","status":"publish","type":"page","link":"https:\/\/vt0143.itsahappyclient.com\/fr\/parfums\/parfums-fruites\/","title":{"rendered":"Parfums fruit\u00e9s"},"content":{"rendered":"<h2>Lumineux et vif avec un parfum riche<\/h2>\n<figure id=\"attachment_2366\" aria-describedby=\"caption-attachment-2366\" style=\"width: 300px\" class=\"wp-caption alignright\"><img loading=\"lazy\" decoding=\"async\" class=\"size-medium wp-image-2366\" src=\"https:\/\/vectairsystems.com\/content\/uploads\/2024\/10\/fresh-fruits-mixed-fruits-background-300x225.jpg\" alt=\"Parfum Fruits frais\" width=\"300\" height=\"225\" srcset=\"https:\/\/vt0143.itsahappyclient.com\/content\/uploads\/2024\/10\/fresh-fruits-mixed-fruits-background-300x225.jpg 300w, https:\/\/vt0143.itsahappyclient.com\/content\/uploads\/2024\/10\/fresh-fruits-mixed-fruits-background-1024x768.jpg 1024w, https:\/\/vt0143.itsahappyclient.com\/content\/uploads\/2024\/10\/fresh-fruits-mixed-fruits-background-768x576.jpg 768w, https:\/\/vt0143.itsahappyclient.com\/content\/uploads\/2024\/10\/fresh-fruits-mixed-fruits-background-1536x1152.jpg 1536w, https:\/\/vt0143.itsahappyclient.com\/content\/uploads\/2024\/10\/fresh-fruits-mixed-fruits-background-2048x1536.jpg 2048w\" sizes=\"auto, (max-width: 300px) 100vw, 300px\" \/><figcaption id=\"caption-attachment-2366\" class=\"wp-caption-text\">Fruits frais<\/figcaption><\/figure>\n<p>Tr\u00e8s populaires dans les espaces situ\u00e9s \u00e0 l&#8217;int\u00e9rieur et \u00e0 l&#8217;ext\u00e9rieur des toilettes, les parfums fruit\u00e9s donnent un coup de fouet \u00e0 n&#8217;importe quel environnement. Familiers et imm\u00e9diatement perceptibles, ces parfums sont fr\u00e9quemment utilis\u00e9s pour apporter de la luminosit\u00e9 et de la fra\u00eecheur \u00e0 un espace. <\/p>\n<h3>Parfums disponibles<\/h3>\n<ul>\n<li>Adoration<\/li>\n<li>Vagues de plage<\/li>\n<li>M\u00fbre de la Sauge<\/li>\n<li>Agrumes Mangue<\/li>\n<li>Picotement d&#8217;agrumes<\/li>\n<li>Concombre Melon<\/li>\n<li>Jardin exotique<\/li>\n<li>Tranches de fruits<\/li>\n<li>Escapade sur l&#8217;\u00eele<\/li>\n<li>Kiwi et pamplemousse<\/li>\n<li>Passion fructueuse<\/li>\n<li>Champagne rose<\/li>\n<li>D\u00e9lice d&#8217;\u00e9t\u00e9<\/li>\n<li>Fruits d&#8217;\u00e9t\u00e9<\/li>\n<li>\u00c9l\u00e9vateur<\/li>\n<li>Agrumes piquants<\/li>\n<\/ul>\n","protected":false},"excerpt":{"rendered":"<p>Lumineux et vif avec un parfum riche Tr\u00e8s populaires dans les espaces situ\u00e9s \u00e0 l&#8217;int\u00e9rieur et \u00e0 l&#8217;ext\u00e9rieur des toilettes, les parfums fruit\u00e9s donnent un coup de fouet \u00e0 n&#8217;importe quel environnement. Familiers et imm\u00e9diatement perceptibles, ces parfums sont fr\u00e9quemment utilis\u00e9s pour apporter de la luminosit\u00e9 et de la fra\u00eecheur \u00e0 un espace. Parfums disponibles [&hellip;]<\/p>\n","protected":false},"author":4,"featured_media":0,"parent":8559,"menu_order":0,"comment_status":"closed","ping_status":"closed","template":"","meta":{"_acf_changed":false,"_relevanssi_hide_post":"","_relevanssi_hide_content":"","_relevanssi_pin_for_all":"","_relevanssi_pin_keywords":"","_relevanssi_unpin_keywords":"","_relevanssi_related_keywords":"","_relevanssi_related_include_ids":"","_relevanssi_related_exclude_ids":"","_relevanssi_related_no_append":"","_relevanssi_related_not_related":"","_relevanssi_related_posts":"","_relevanssi_noindex_reason":"","inline_featured_image":false,"footnotes":""},"class_list":["post-9024","page","type-page","status-publish","hentry"],"acf":[],"yoast_head":"<!-- This site is optimized with the Yoast SEO Premium plugin v27.4 (Yoast SEO v27.4) - https:\/\/yoast.com\/product\/yoast-seo-premium-wordpress\/ -->\n<title>Parfums fruit\u00e9s - Vectair<\/title>\n<meta name=\"robots\" content=\"index, follow, max-snippet:-1, max-image-preview:large, max-video-preview:-1\" \/>\n<link rel=\"canonical\" href=\"https:\/\/vt0143.itsahappyclient.com\/fr\/parfums\/parfums-fruites\/\" \/>\n<meta property=\"og:locale\" content=\"fr_FR\" \/>\n<meta property=\"og:type\" content=\"article\" \/>\n<meta property=\"og:title\" content=\"Parfums fruit\u00e9s\" \/>\n<meta property=\"og:description\" content=\"Lumineux et vif avec un parfum riche Tr\u00e8s populaires dans les espaces situ\u00e9s \u00e0 l&#8217;int\u00e9rieur et \u00e0 l&#8217;ext\u00e9rieur des toilettes, les parfums fruit\u00e9s donnent un coup de fouet \u00e0 n&#8217;importe quel environnement. Familiers et imm\u00e9diatement perceptibles, ces parfums sont fr\u00e9quemment utilis\u00e9s pour apporter de la luminosit\u00e9 et de la fra\u00eecheur \u00e0 un espace. Parfums disponibles [&hellip;]\" \/>\n<meta property=\"og:url\" content=\"https:\/\/vt0143.itsahappyclient.com\/fr\/parfums\/parfums-fruites\/\" \/>\n<meta property=\"og:site_name\" content=\"Vectair\" \/>\n<meta property=\"article:publisher\" content=\"https:\/\/www.facebook.com\/VectairSystems\" \/>\n<meta property=\"article:modified_time\" content=\"2024-12-16T15:49:16+00:00\" \/>\n<meta property=\"og:image\" content=\"https:\/\/vectairsystems.com\/content\/uploads\/2024\/10\/fresh-fruits-mixed-fruits-background-300x225.jpg\" \/>\n<meta name=\"twitter:card\" content=\"summary_large_image\" \/>\n<meta name=\"twitter:label1\" content=\"Est. reading time\" \/>\n\t<meta name=\"twitter:data1\" content=\"1 minute\" \/>\n<script type=\"application\/ld+json\" class=\"yoast-schema-graph\">{\"@context\":\"https:\\\/\\\/schema.org\",\"@graph\":[{\"@type\":\"WebPage\",\"@id\":\"https:\\\/\\\/vt0143.itsahappyclient.com\\\/fr\\\/parfums\\\/parfums-fruites\\\/\",\"url\":\"https:\\\/\\\/vt0143.itsahappyclient.com\\\/fr\\\/parfums\\\/parfums-fruites\\\/\",\"name\":\"Parfums fruit\u00e9s - Vectair\",\"isPartOf\":{\"@id\":\"https:\\\/\\\/vt0143.itsahappyclient.com\\\/fr\\\/#website\"},\"primaryImageOfPage\":{\"@id\":\"https:\\\/\\\/vt0143.itsahappyclient.com\\\/fr\\\/parfums\\\/parfums-fruites\\\/#primaryimage\"},\"image\":{\"@id\":\"https:\\\/\\\/vt0143.itsahappyclient.com\\\/fr\\\/parfums\\\/parfums-fruites\\\/#primaryimage\"},\"thumbnailUrl\":\"https:\\\/\\\/vectairsystems.com\\\/content\\\/uploads\\\/2024\\\/10\\\/fresh-fruits-mixed-fruits-background-300x225.jpg\",\"datePublished\":\"2024-10-24T00:28:58+00:00\",\"dateModified\":\"2024-12-16T15:49:16+00:00\",\"breadcrumb\":{\"@id\":\"https:\\\/\\\/vt0143.itsahappyclient.com\\\/fr\\\/parfums\\\/parfums-fruites\\\/#breadcrumb\"},\"inLanguage\":\"fr-FR\",\"potentialAction\":[{\"@type\":\"ReadAction\",\"target\":[\"https:\\\/\\\/vt0143.itsahappyclient.com\\\/fr\\\/parfums\\\/parfums-fruites\\\/\"]}]},{\"@type\":\"ImageObject\",\"inLanguage\":\"fr-FR\",\"@id\":\"https:\\\/\\\/vt0143.itsahappyclient.com\\\/fr\\\/parfums\\\/parfums-fruites\\\/#primaryimage\",\"url\":\"https:\\\/\\\/vectairsystems.com\\\/content\\\/uploads\\\/2024\\\/10\\\/fresh-fruits-mixed-fruits-background-300x225.jpg\",\"contentUrl\":\"https:\\\/\\\/vectairsystems.com\\\/content\\\/uploads\\\/2024\\\/10\\\/fresh-fruits-mixed-fruits-background-300x225.jpg\"},{\"@type\":\"BreadcrumbList\",\"@id\":\"https:\\\/\\\/vt0143.itsahappyclient.com\\\/fr\\\/parfums\\\/parfums-fruites\\\/#breadcrumb\",\"itemListElement\":[{\"@type\":\"ListItem\",\"position\":1,\"name\":\"Home\",\"item\":\"https:\\\/\\\/vt0143.itsahappyclient.com\\\/fr\\\/\"},{\"@type\":\"ListItem\",\"position\":2,\"name\":\"Parfums\",\"item\":\"https:\\\/\\\/vt0143.itsahappyclient.com\\\/fr\\\/parfums\\\/\"},{\"@type\":\"ListItem\",\"position\":3,\"name\":\"Parfums fruit\u00e9s\"}]},{\"@type\":\"WebSite\",\"@id\":\"https:\\\/\\\/vt0143.itsahappyclient.com\\\/fr\\\/#website\",\"url\":\"https:\\\/\\\/vt0143.itsahappyclient.com\\\/fr\\\/\",\"name\":\"Vectair\",\"description\":\"Global Innovators in Aircare &amp; Hygiene Systems\",\"publisher\":{\"@id\":\"https:\\\/\\\/vt0143.itsahappyclient.com\\\/fr\\\/#organization\"},\"potentialAction\":[{\"@type\":\"SearchAction\",\"target\":{\"@type\":\"EntryPoint\",\"urlTemplate\":\"https:\\\/\\\/vt0143.itsahappyclient.com\\\/fr\\\/?s={search_term_string}\"},\"query-input\":{\"@type\":\"PropertyValueSpecification\",\"valueRequired\":true,\"valueName\":\"search_term_string\"}}],\"inLanguage\":\"fr-FR\"},{\"@type\":\"Organization\",\"@id\":\"https:\\\/\\\/vt0143.itsahappyclient.com\\\/fr\\\/#organization\",\"name\":\"Vectair\",\"url\":\"https:\\\/\\\/vt0143.itsahappyclient.com\\\/fr\\\/\",\"logo\":{\"@type\":\"ImageObject\",\"inLanguage\":\"fr-FR\",\"@id\":\"https:\\\/\\\/vt0143.itsahappyclient.com\\\/fr\\\/#\\\/schema\\\/logo\\\/image\\\/\",\"url\":\"http:\\\/\\\/vt0143.itsahappyclient.com\\\/content\\\/uploads\\\/2025\\\/03\\\/Vectair-Logo-Black-with-White-Background.png\",\"contentUrl\":\"http:\\\/\\\/vt0143.itsahappyclient.com\\\/content\\\/uploads\\\/2025\\\/03\\\/Vectair-Logo-Black-with-White-Background.png\",\"width\":696,\"height\":696,\"caption\":\"Vectair\"},\"image\":{\"@id\":\"https:\\\/\\\/vt0143.itsahappyclient.com\\\/fr\\\/#\\\/schema\\\/logo\\\/image\\\/\"},\"sameAs\":[\"https:\\\/\\\/www.facebook.com\\\/VectairSystems\",\"https:\\\/\\\/www.linkedin.com\\\/company\\\/vectair-systems\\\/\",\"https:\\\/\\\/www.youtube.com\\\/@Vectair\"],\"description\":\"Vectair specializes in innovative aircare and hygiene solutions for commercial and away-from-home spaces, serving businesses in over 90 countries. Their patented technologies, advanced fragrance delivery systems, and bespoke products ensure cleaner, more inviting environments. With a focus on customizable solutions and enhancing hygiene standards, Vectair is committed to elevating customer experiences through excellence and innovation.\",\"email\":\"info@vectairsystems.com\",\"telephone\":\"+1 901-373-7818\",\"foundingDate\":\"1988-04-19\",\"numberOfEmployees\":{\"@type\":\"QuantitativeValue\",\"minValue\":\"51\",\"maxValue\":\"200\"}}]}<\/script>\n<!-- \/ Yoast SEO Premium plugin. -->","yoast_head_json":{"title":"Parfums fruit\u00e9s - Vectair","robots":{"index":"index","follow":"follow","max-snippet":"max-snippet:-1","max-image-preview":"max-image-preview:large","max-video-preview":"max-video-preview:-1"},"canonical":"https:\/\/vt0143.itsahappyclient.com\/fr\/parfums\/parfums-fruites\/","og_locale":"fr_FR","og_type":"article","og_title":"Parfums fruit\u00e9s","og_description":"Lumineux et vif avec un parfum riche Tr\u00e8s populaires dans les espaces situ\u00e9s \u00e0 l&#8217;int\u00e9rieur et \u00e0 l&#8217;ext\u00e9rieur des toilettes, les parfums fruit\u00e9s donnent un coup de fouet \u00e0 n&#8217;importe quel environnement. Familiers et imm\u00e9diatement perceptibles, ces parfums sont fr\u00e9quemment utilis\u00e9s pour apporter de la luminosit\u00e9 et de la fra\u00eecheur \u00e0 un espace. Parfums disponibles [&hellip;]","og_url":"https:\/\/vt0143.itsahappyclient.com\/fr\/parfums\/parfums-fruites\/","og_site_name":"Vectair","article_publisher":"https:\/\/www.facebook.com\/VectairSystems","article_modified_time":"2024-12-16T15:49:16+00:00","og_image":[{"url":"https:\/\/vectairsystems.com\/content\/uploads\/2024\/10\/fresh-fruits-mixed-fruits-background-300x225.jpg","type":"","width":"","height":""}],"twitter_card":"summary_large_image","twitter_misc":{"Est. reading time":"1 minute"},"schema":{"@context":"https:\/\/schema.org","@graph":[{"@type":"WebPage","@id":"https:\/\/vt0143.itsahappyclient.com\/fr\/parfums\/parfums-fruites\/","url":"https:\/\/vt0143.itsahappyclient.com\/fr\/parfums\/parfums-fruites\/","name":"Parfums fruit\u00e9s - Vectair","isPartOf":{"@id":"https:\/\/vt0143.itsahappyclient.com\/fr\/#website"},"primaryImageOfPage":{"@id":"https:\/\/vt0143.itsahappyclient.com\/fr\/parfums\/parfums-fruites\/#primaryimage"},"image":{"@id":"https:\/\/vt0143.itsahappyclient.com\/fr\/parfums\/parfums-fruites\/#primaryimage"},"thumbnailUrl":"https:\/\/vectairsystems.com\/content\/uploads\/2024\/10\/fresh-fruits-mixed-fruits-background-300x225.jpg","datePublished":"2024-10-24T00:28:58+00:00","dateModified":"2024-12-16T15:49:16+00:00","breadcrumb":{"@id":"https:\/\/vt0143.itsahappyclient.com\/fr\/parfums\/parfums-fruites\/#breadcrumb"},"inLanguage":"fr-FR","potentialAction":[{"@type":"ReadAction","target":["https:\/\/vt0143.itsahappyclient.com\/fr\/parfums\/parfums-fruites\/"]}]},{"@type":"ImageObject","inLanguage":"fr-FR","@id":"https:\/\/vt0143.itsahappyclient.com\/fr\/parfums\/parfums-fruites\/#primaryimage","url":"https:\/\/vectairsystems.com\/content\/uploads\/2024\/10\/fresh-fruits-mixed-fruits-background-300x225.jpg","contentUrl":"https:\/\/vectairsystems.com\/content\/uploads\/2024\/10\/fresh-fruits-mixed-fruits-background-300x225.jpg"},{"@type":"BreadcrumbList","@id":"https:\/\/vt0143.itsahappyclient.com\/fr\/parfums\/parfums-fruites\/#breadcrumb","itemListElement":[{"@type":"ListItem","position":1,"name":"Home","item":"https:\/\/vt0143.itsahappyclient.com\/fr\/"},{"@type":"ListItem","position":2,"name":"Parfums","item":"https:\/\/vt0143.itsahappyclient.com\/fr\/parfums\/"},{"@type":"ListItem","position":3,"name":"Parfums fruit\u00e9s"}]},{"@type":"WebSite","@id":"https:\/\/vt0143.itsahappyclient.com\/fr\/#website","url":"https:\/\/vt0143.itsahappyclient.com\/fr\/","name":"Vectair","description":"Global Innovators in Aircare &amp; Hygiene Systems","publisher":{"@id":"https:\/\/vt0143.itsahappyclient.com\/fr\/#organization"},"potentialAction":[{"@type":"SearchAction","target":{"@type":"EntryPoint","urlTemplate":"https:\/\/vt0143.itsahappyclient.com\/fr\/?s={search_term_string}"},"query-input":{"@type":"PropertyValueSpecification","valueRequired":true,"valueName":"search_term_string"}}],"inLanguage":"fr-FR"},{"@type":"Organization","@id":"https:\/\/vt0143.itsahappyclient.com\/fr\/#organization","name":"Vectair","url":"https:\/\/vt0143.itsahappyclient.com\/fr\/","logo":{"@type":"ImageObject","inLanguage":"fr-FR","@id":"https:\/\/vt0143.itsahappyclient.com\/fr\/#\/schema\/logo\/image\/","url":"http:\/\/vt0143.itsahappyclient.com\/content\/uploads\/2025\/03\/Vectair-Logo-Black-with-White-Background.png","contentUrl":"http:\/\/vt0143.itsahappyclient.com\/content\/uploads\/2025\/03\/Vectair-Logo-Black-with-White-Background.png","width":696,"height":696,"caption":"Vectair"},"image":{"@id":"https:\/\/vt0143.itsahappyclient.com\/fr\/#\/schema\/logo\/image\/"},"sameAs":["https:\/\/www.facebook.com\/VectairSystems","https:\/\/www.linkedin.com\/company\/vectair-systems\/","https:\/\/www.youtube.com\/@Vectair"],"description":"Vectair specializes in innovative aircare and hygiene solutions for commercial and away-from-home spaces, serving businesses in over 90 countries. Their patented technologies, advanced fragrance delivery systems, and bespoke products ensure cleaner, more inviting environments. With a focus on customizable solutions and enhancing hygiene standards, Vectair is committed to elevating customer experiences through excellence and innovation.","email":"info@vectairsystems.com","telephone":"+1 901-373-7818","foundingDate":"1988-04-19","numberOfEmployees":{"@type":"QuantitativeValue","minValue":"51","maxValue":"200"}}]}},"_links":{"self":[{"href":"https:\/\/vt0143.itsahappyclient.com\/fr\/wp-json\/wp\/v2\/pages\/9024","targetHints":{"allow":["GET"]}}],"collection":[{"href":"https:\/\/vt0143.itsahappyclient.com\/fr\/wp-json\/wp\/v2\/pages"}],"about":[{"href":"https:\/\/vt0143.itsahappyclient.com\/fr\/wp-json\/wp\/v2\/types\/page"}],"author":[{"embeddable":true,"href":"https:\/\/vt0143.itsahappyclient.com\/fr\/wp-json\/wp\/v2\/users\/4"}],"replies":[{"embeddable":true,"href":"https:\/\/vt0143.itsahappyclient.com\/fr\/wp-json\/wp\/v2\/comments?post=9024"}],"version-history":[{"count":1,"href":"https:\/\/vt0143.itsahappyclient.com\/fr\/wp-json\/wp\/v2\/pages\/9024\/revisions"}],"predecessor-version":[{"id":16133,"href":"https:\/\/vt0143.itsahappyclient.com\/fr\/wp-json\/wp\/v2\/pages\/9024\/revisions\/16133"}],"up":[{"embeddable":true,"href":"https:\/\/vt0143.itsahappyclient.com\/fr\/wp-json\/wp\/v2\/pages\/8559"}],"wp:attachment":[{"href":"https:\/\/vt0143.itsahappyclient.com\/fr\/wp-json\/wp\/v2\/media?parent=9024"}],"curies":[{"name":"wp","href":"https:\/\/api.w.org\/{rel}","templated":true}]}}