{"id":9026,"date":"2024-10-23T19:22:33","date_gmt":"2024-10-24T00:22:33","guid":{"rendered":"https:\/\/vt0143.itsahappyclient.com\/parfums\/fragrances-florales\/"},"modified":"2024-12-16T09:49:15","modified_gmt":"2024-12-16T15:49:15","slug":"fragrances-florales","status":"publish","type":"page","link":"https:\/\/vt0143.itsahappyclient.com\/fr\/parfums\/fragrances-florales\/","title":{"rendered":"Fragrances florales"},"content":{"rendered":"<h2>Ar\u00f4mes botaniques florissants et vibrants<\/h2>\n<figure id=\"attachment_2368\" aria-describedby=\"caption-attachment-2368\" style=\"width: 300px\" class=\"wp-caption alignright\"><img loading=\"lazy\" decoding=\"async\" class=\"size-medium wp-image-2368\" src=\"https:\/\/vectairsystems.com\/content\/uploads\/2024\/10\/flowers-691611_1920-300x225.jpg\" alt=\"Fragrances florales\" width=\"300\" height=\"225\" srcset=\"https:\/\/vt0143.itsahappyclient.com\/content\/uploads\/2024\/10\/flowers-691611_1920-300x225.jpg 300w, https:\/\/vt0143.itsahappyclient.com\/content\/uploads\/2024\/10\/flowers-691611_1920-1024x768.jpg 1024w, https:\/\/vt0143.itsahappyclient.com\/content\/uploads\/2024\/10\/flowers-691611_1920-768x576.jpg 768w, https:\/\/vt0143.itsahappyclient.com\/content\/uploads\/2024\/10\/flowers-691611_1920-1536x1152.jpg 1536w, https:\/\/vt0143.itsahappyclient.com\/content\/uploads\/2024\/10\/flowers-691611_1920-2048x1536.jpg 2048w\" sizes=\"auto, (max-width: 300px) 100vw, 300px\" \/><figcaption id=\"caption-attachment-2368\" class=\"wp-caption-text\">Fragrances florales<\/figcaption><\/figure>\n<p>Des fleurs fra\u00eechement coup\u00e9es aux jardins tranquilles, les parfums floraux apportent de la luminosit\u00e9 aux espaces qu&#8217;ils remplissent. Avec un large \u00e9ventail de notes florales, les parfums peuvent \u00eatre revigorants ou apaisants, en fonction de leurs notes de t\u00eate et de fond. <\/p>\n<h3>Parfums disponibles<\/h3>\n<ul>\n<li>Babyface<\/li>\n<li>Jardin de bambous<\/li>\n<li>C\u00e8dre vanill\u00e9 r\u00e9confortant<\/li>\n<li>Soie florale<\/li>\n<li>Fleurs de jasmin<\/li>\n<li>Lavande et g\u00e9ranium<\/li>\n<li>Perle<\/li>\n<li>Vanille rose<\/li>\n<li>Sensuel<\/li>\n<li>Lavande apaisante Camomille<\/li>\n<li>Pois de senteur et glycine<\/li>\n<li>Jacinthe d&#8217;eau<\/li>\n<li>Jardin zen<\/li>\n<\/ul>\n","protected":false},"excerpt":{"rendered":"<p>Ar\u00f4mes botaniques florissants et vibrants Des fleurs fra\u00eechement coup\u00e9es aux jardins tranquilles, les parfums floraux apportent de la luminosit\u00e9 aux espaces qu&#8217;ils remplissent. Avec un large \u00e9ventail de notes florales, les parfums peuvent \u00eatre revigorants ou apaisants, en fonction de leurs notes de t\u00eate et de fond. Parfums disponibles Babyface Jardin de bambous C\u00e8dre vanill\u00e9 [&hellip;]<\/p>\n","protected":false},"author":4,"featured_media":0,"parent":8559,"menu_order":0,"comment_status":"closed","ping_status":"closed","template":"","meta":{"_acf_changed":false,"_relevanssi_hide_post":"","_relevanssi_hide_content":"","_relevanssi_pin_for_all":"","_relevanssi_pin_keywords":"","_relevanssi_unpin_keywords":"","_relevanssi_related_keywords":"","_relevanssi_related_include_ids":"","_relevanssi_related_exclude_ids":"","_relevanssi_related_no_append":"","_relevanssi_related_not_related":"","_relevanssi_related_posts":"","_relevanssi_noindex_reason":"","inline_featured_image":false,"footnotes":""},"class_list":["post-9026","page","type-page","status-publish","hentry"],"acf":[],"yoast_head":"<!-- This site is optimized with the Yoast SEO Premium plugin v27.4 (Yoast SEO v27.4) - https:\/\/yoast.com\/product\/yoast-seo-premium-wordpress\/ -->\n<title>Fragrances florales - Vectair<\/title>\n<meta name=\"robots\" content=\"index, follow, max-snippet:-1, max-image-preview:large, max-video-preview:-1\" \/>\n<link rel=\"canonical\" href=\"https:\/\/vt0143.itsahappyclient.com\/fr\/parfums\/fragrances-florales\/\" \/>\n<meta property=\"og:locale\" content=\"fr_FR\" \/>\n<meta property=\"og:type\" content=\"article\" \/>\n<meta property=\"og:title\" content=\"Fragrances florales\" \/>\n<meta property=\"og:description\" content=\"Ar\u00f4mes botaniques florissants et vibrants Des fleurs fra\u00eechement coup\u00e9es aux jardins tranquilles, les parfums floraux apportent de la luminosit\u00e9 aux espaces qu&#8217;ils remplissent. Avec un large \u00e9ventail de notes florales, les parfums peuvent \u00eatre revigorants ou apaisants, en fonction de leurs notes de t\u00eate et de fond. Parfums disponibles Babyface Jardin de bambous C\u00e8dre vanill\u00e9 [&hellip;]\" \/>\n<meta property=\"og:url\" content=\"https:\/\/vt0143.itsahappyclient.com\/fr\/parfums\/fragrances-florales\/\" \/>\n<meta property=\"og:site_name\" content=\"Vectair\" \/>\n<meta property=\"article:publisher\" content=\"https:\/\/www.facebook.com\/VectairSystems\" \/>\n<meta property=\"article:modified_time\" content=\"2024-12-16T15:49:15+00:00\" \/>\n<meta property=\"og:image\" content=\"https:\/\/vectairsystems.com\/content\/uploads\/2024\/10\/flowers-691611_1920-300x225.jpg\" \/>\n<meta name=\"twitter:card\" content=\"summary_large_image\" \/>\n<script type=\"application\/ld+json\" class=\"yoast-schema-graph\">{\"@context\":\"https:\\\/\\\/schema.org\",\"@graph\":[{\"@type\":\"WebPage\",\"@id\":\"https:\\\/\\\/vt0143.itsahappyclient.com\\\/fr\\\/parfums\\\/fragrances-florales\\\/\",\"url\":\"https:\\\/\\\/vt0143.itsahappyclient.com\\\/fr\\\/parfums\\\/fragrances-florales\\\/\",\"name\":\"Fragrances florales - Vectair\",\"isPartOf\":{\"@id\":\"https:\\\/\\\/vt0143.itsahappyclient.com\\\/fr\\\/#website\"},\"primaryImageOfPage\":{\"@id\":\"https:\\\/\\\/vt0143.itsahappyclient.com\\\/fr\\\/parfums\\\/fragrances-florales\\\/#primaryimage\"},\"image\":{\"@id\":\"https:\\\/\\\/vt0143.itsahappyclient.com\\\/fr\\\/parfums\\\/fragrances-florales\\\/#primaryimage\"},\"thumbnailUrl\":\"https:\\\/\\\/vectairsystems.com\\\/content\\\/uploads\\\/2024\\\/10\\\/flowers-691611_1920-300x225.jpg\",\"datePublished\":\"2024-10-24T00:22:33+00:00\",\"dateModified\":\"2024-12-16T15:49:15+00:00\",\"breadcrumb\":{\"@id\":\"https:\\\/\\\/vt0143.itsahappyclient.com\\\/fr\\\/parfums\\\/fragrances-florales\\\/#breadcrumb\"},\"inLanguage\":\"fr-FR\",\"potentialAction\":[{\"@type\":\"ReadAction\",\"target\":[\"https:\\\/\\\/vt0143.itsahappyclient.com\\\/fr\\\/parfums\\\/fragrances-florales\\\/\"]}]},{\"@type\":\"ImageObject\",\"inLanguage\":\"fr-FR\",\"@id\":\"https:\\\/\\\/vt0143.itsahappyclient.com\\\/fr\\\/parfums\\\/fragrances-florales\\\/#primaryimage\",\"url\":\"https:\\\/\\\/vectairsystems.com\\\/content\\\/uploads\\\/2024\\\/10\\\/flowers-691611_1920-300x225.jpg\",\"contentUrl\":\"https:\\\/\\\/vectairsystems.com\\\/content\\\/uploads\\\/2024\\\/10\\\/flowers-691611_1920-300x225.jpg\"},{\"@type\":\"BreadcrumbList\",\"@id\":\"https:\\\/\\\/vt0143.itsahappyclient.com\\\/fr\\\/parfums\\\/fragrances-florales\\\/#breadcrumb\",\"itemListElement\":[{\"@type\":\"ListItem\",\"position\":1,\"name\":\"Home\",\"item\":\"https:\\\/\\\/vt0143.itsahappyclient.com\\\/fr\\\/\"},{\"@type\":\"ListItem\",\"position\":2,\"name\":\"Parfums\",\"item\":\"https:\\\/\\\/vt0143.itsahappyclient.com\\\/fr\\\/parfums\\\/\"},{\"@type\":\"ListItem\",\"position\":3,\"name\":\"Fragrances florales\"}]},{\"@type\":\"WebSite\",\"@id\":\"https:\\\/\\\/vt0143.itsahappyclient.com\\\/fr\\\/#website\",\"url\":\"https:\\\/\\\/vt0143.itsahappyclient.com\\\/fr\\\/\",\"name\":\"Vectair\",\"description\":\"Global Innovators in Aircare &amp; Hygiene Systems\",\"publisher\":{\"@id\":\"https:\\\/\\\/vt0143.itsahappyclient.com\\\/fr\\\/#organization\"},\"potentialAction\":[{\"@type\":\"SearchAction\",\"target\":{\"@type\":\"EntryPoint\",\"urlTemplate\":\"https:\\\/\\\/vt0143.itsahappyclient.com\\\/fr\\\/?s={search_term_string}\"},\"query-input\":{\"@type\":\"PropertyValueSpecification\",\"valueRequired\":true,\"valueName\":\"search_term_string\"}}],\"inLanguage\":\"fr-FR\"},{\"@type\":\"Organization\",\"@id\":\"https:\\\/\\\/vt0143.itsahappyclient.com\\\/fr\\\/#organization\",\"name\":\"Vectair\",\"url\":\"https:\\\/\\\/vt0143.itsahappyclient.com\\\/fr\\\/\",\"logo\":{\"@type\":\"ImageObject\",\"inLanguage\":\"fr-FR\",\"@id\":\"https:\\\/\\\/vt0143.itsahappyclient.com\\\/fr\\\/#\\\/schema\\\/logo\\\/image\\\/\",\"url\":\"http:\\\/\\\/vt0143.itsahappyclient.com\\\/content\\\/uploads\\\/2025\\\/03\\\/Vectair-Logo-Black-with-White-Background.png\",\"contentUrl\":\"http:\\\/\\\/vt0143.itsahappyclient.com\\\/content\\\/uploads\\\/2025\\\/03\\\/Vectair-Logo-Black-with-White-Background.png\",\"width\":696,\"height\":696,\"caption\":\"Vectair\"},\"image\":{\"@id\":\"https:\\\/\\\/vt0143.itsahappyclient.com\\\/fr\\\/#\\\/schema\\\/logo\\\/image\\\/\"},\"sameAs\":[\"https:\\\/\\\/www.facebook.com\\\/VectairSystems\",\"https:\\\/\\\/www.linkedin.com\\\/company\\\/vectair-systems\\\/\",\"https:\\\/\\\/www.youtube.com\\\/@Vectair\"],\"description\":\"Vectair specializes in innovative aircare and hygiene solutions for commercial and away-from-home spaces, serving businesses in over 90 countries. Their patented technologies, advanced fragrance delivery systems, and bespoke products ensure cleaner, more inviting environments. With a focus on customizable solutions and enhancing hygiene standards, Vectair is committed to elevating customer experiences through excellence and innovation.\",\"email\":\"info@vectairsystems.com\",\"telephone\":\"+1 901-373-7818\",\"foundingDate\":\"1988-04-19\",\"numberOfEmployees\":{\"@type\":\"QuantitativeValue\",\"minValue\":\"51\",\"maxValue\":\"200\"}}]}<\/script>\n<!-- \/ Yoast SEO Premium plugin. -->","yoast_head_json":{"title":"Fragrances florales - Vectair","robots":{"index":"index","follow":"follow","max-snippet":"max-snippet:-1","max-image-preview":"max-image-preview:large","max-video-preview":"max-video-preview:-1"},"canonical":"https:\/\/vt0143.itsahappyclient.com\/fr\/parfums\/fragrances-florales\/","og_locale":"fr_FR","og_type":"article","og_title":"Fragrances florales","og_description":"Ar\u00f4mes botaniques florissants et vibrants Des fleurs fra\u00eechement coup\u00e9es aux jardins tranquilles, les parfums floraux apportent de la luminosit\u00e9 aux espaces qu&#8217;ils remplissent. Avec un large \u00e9ventail de notes florales, les parfums peuvent \u00eatre revigorants ou apaisants, en fonction de leurs notes de t\u00eate et de fond. Parfums disponibles Babyface Jardin de bambous C\u00e8dre vanill\u00e9 [&hellip;]","og_url":"https:\/\/vt0143.itsahappyclient.com\/fr\/parfums\/fragrances-florales\/","og_site_name":"Vectair","article_publisher":"https:\/\/www.facebook.com\/VectairSystems","article_modified_time":"2024-12-16T15:49:15+00:00","og_image":[{"url":"https:\/\/vectairsystems.com\/content\/uploads\/2024\/10\/flowers-691611_1920-300x225.jpg","type":"","width":"","height":""}],"twitter_card":"summary_large_image","schema":{"@context":"https:\/\/schema.org","@graph":[{"@type":"WebPage","@id":"https:\/\/vt0143.itsahappyclient.com\/fr\/parfums\/fragrances-florales\/","url":"https:\/\/vt0143.itsahappyclient.com\/fr\/parfums\/fragrances-florales\/","name":"Fragrances florales - Vectair","isPartOf":{"@id":"https:\/\/vt0143.itsahappyclient.com\/fr\/#website"},"primaryImageOfPage":{"@id":"https:\/\/vt0143.itsahappyclient.com\/fr\/parfums\/fragrances-florales\/#primaryimage"},"image":{"@id":"https:\/\/vt0143.itsahappyclient.com\/fr\/parfums\/fragrances-florales\/#primaryimage"},"thumbnailUrl":"https:\/\/vectairsystems.com\/content\/uploads\/2024\/10\/flowers-691611_1920-300x225.jpg","datePublished":"2024-10-24T00:22:33+00:00","dateModified":"2024-12-16T15:49:15+00:00","breadcrumb":{"@id":"https:\/\/vt0143.itsahappyclient.com\/fr\/parfums\/fragrances-florales\/#breadcrumb"},"inLanguage":"fr-FR","potentialAction":[{"@type":"ReadAction","target":["https:\/\/vt0143.itsahappyclient.com\/fr\/parfums\/fragrances-florales\/"]}]},{"@type":"ImageObject","inLanguage":"fr-FR","@id":"https:\/\/vt0143.itsahappyclient.com\/fr\/parfums\/fragrances-florales\/#primaryimage","url":"https:\/\/vectairsystems.com\/content\/uploads\/2024\/10\/flowers-691611_1920-300x225.jpg","contentUrl":"https:\/\/vectairsystems.com\/content\/uploads\/2024\/10\/flowers-691611_1920-300x225.jpg"},{"@type":"BreadcrumbList","@id":"https:\/\/vt0143.itsahappyclient.com\/fr\/parfums\/fragrances-florales\/#breadcrumb","itemListElement":[{"@type":"ListItem","position":1,"name":"Home","item":"https:\/\/vt0143.itsahappyclient.com\/fr\/"},{"@type":"ListItem","position":2,"name":"Parfums","item":"https:\/\/vt0143.itsahappyclient.com\/fr\/parfums\/"},{"@type":"ListItem","position":3,"name":"Fragrances florales"}]},{"@type":"WebSite","@id":"https:\/\/vt0143.itsahappyclient.com\/fr\/#website","url":"https:\/\/vt0143.itsahappyclient.com\/fr\/","name":"Vectair","description":"Global Innovators in Aircare &amp; Hygiene Systems","publisher":{"@id":"https:\/\/vt0143.itsahappyclient.com\/fr\/#organization"},"potentialAction":[{"@type":"SearchAction","target":{"@type":"EntryPoint","urlTemplate":"https:\/\/vt0143.itsahappyclient.com\/fr\/?s={search_term_string}"},"query-input":{"@type":"PropertyValueSpecification","valueRequired":true,"valueName":"search_term_string"}}],"inLanguage":"fr-FR"},{"@type":"Organization","@id":"https:\/\/vt0143.itsahappyclient.com\/fr\/#organization","name":"Vectair","url":"https:\/\/vt0143.itsahappyclient.com\/fr\/","logo":{"@type":"ImageObject","inLanguage":"fr-FR","@id":"https:\/\/vt0143.itsahappyclient.com\/fr\/#\/schema\/logo\/image\/","url":"http:\/\/vt0143.itsahappyclient.com\/content\/uploads\/2025\/03\/Vectair-Logo-Black-with-White-Background.png","contentUrl":"http:\/\/vt0143.itsahappyclient.com\/content\/uploads\/2025\/03\/Vectair-Logo-Black-with-White-Background.png","width":696,"height":696,"caption":"Vectair"},"image":{"@id":"https:\/\/vt0143.itsahappyclient.com\/fr\/#\/schema\/logo\/image\/"},"sameAs":["https:\/\/www.facebook.com\/VectairSystems","https:\/\/www.linkedin.com\/company\/vectair-systems\/","https:\/\/www.youtube.com\/@Vectair"],"description":"Vectair specializes in innovative aircare and hygiene solutions for commercial and away-from-home spaces, serving businesses in over 90 countries. Their patented technologies, advanced fragrance delivery systems, and bespoke products ensure cleaner, more inviting environments. With a focus on customizable solutions and enhancing hygiene standards, Vectair is committed to elevating customer experiences through excellence and innovation.","email":"info@vectairsystems.com","telephone":"+1 901-373-7818","foundingDate":"1988-04-19","numberOfEmployees":{"@type":"QuantitativeValue","minValue":"51","maxValue":"200"}}]}},"_links":{"self":[{"href":"https:\/\/vt0143.itsahappyclient.com\/fr\/wp-json\/wp\/v2\/pages\/9026","targetHints":{"allow":["GET"]}}],"collection":[{"href":"https:\/\/vt0143.itsahappyclient.com\/fr\/wp-json\/wp\/v2\/pages"}],"about":[{"href":"https:\/\/vt0143.itsahappyclient.com\/fr\/wp-json\/wp\/v2\/types\/page"}],"author":[{"embeddable":true,"href":"https:\/\/vt0143.itsahappyclient.com\/fr\/wp-json\/wp\/v2\/users\/4"}],"replies":[{"embeddable":true,"href":"https:\/\/vt0143.itsahappyclient.com\/fr\/wp-json\/wp\/v2\/comments?post=9026"}],"version-history":[{"count":1,"href":"https:\/\/vt0143.itsahappyclient.com\/fr\/wp-json\/wp\/v2\/pages\/9026\/revisions"}],"predecessor-version":[{"id":16127,"href":"https:\/\/vt0143.itsahappyclient.com\/fr\/wp-json\/wp\/v2\/pages\/9026\/revisions\/16127"}],"up":[{"embeddable":true,"href":"https:\/\/vt0143.itsahappyclient.com\/fr\/wp-json\/wp\/v2\/pages\/8559"}],"wp:attachment":[{"href":"https:\/\/vt0143.itsahappyclient.com\/fr\/wp-json\/wp\/v2\/media?parent=9026"}],"curies":[{"name":"wp","href":"https:\/\/api.w.org\/{rel}","templated":true}]}}